{"id":52,"date":"2025-03-05T06:18:01","date_gmt":"2025-03-05T06:18:01","guid":{"rendered":"http:\/\/www.enescnc.com\/?page_id=52"},"modified":"2025-05-10T13:51:07","modified_gmt":"2025-05-10T13:51:07","slug":"ana-sayfa","status":"publish","type":"page","link":"https:\/\/www.enescnc.com\/","title":{"rendered":"ANA SAYFA"},"content":{"rendered":"\n<p><strong>G\u00fc\u00e7l\u00fc \u00fcretim altyap\u0131s\u0131, yenilik\u00e7i teknoloji, alan\u0131nda uzman personel ve \u00fcst\u00fcn kalite!<\/strong> <br> <br>2007 y\u0131l\u0131nda kurulan Enes Makina ve Metal Sanayi, metal \u00fcr\u00fcnlerin tala\u015fl\u0131 imalat y\u00f6ntemi ile \u00fcretilmesi konusunda faaliyet g\u00f6steren yetenekli firmalardan birisidir. Kurulu\u015f tarihimizden bug\u00fcne kadar mutlak m\u00fc\u015fteri memnuniyetini \u00f6n planda tutan bir anlay\u0131\u015fla m\u00fc\u015fterilerimize hizmet vermekteyiz. <br>S\u00fcrekli geli\u015fen CNC makina parkurumuz, modern \u00fcretim tekniklerimiz ve uzman ekibimiz ile y\u00fcksek hassasiyet gerektiren projelere \u00f6zel \u00e7\u00f6z\u00fcmler sunma gayretindeyiz. <br> <br><strong>Misyonumuz<\/strong>, m\u00fc\u015fteri beklentilerini kar\u015f\u0131layan kaliteli \u00fcretim ve m\u00fchendislik \u00e7\u00f6z\u00fcmleri sunarak sekt\u00f6rde ismini kal\u0131c\u0131 k\u0131lmakt\u0131r. <br> <br><strong>Vizyonumuz<\/strong> ise teknolojik geli\u015fmeleri yak\u0131ndan takip eden, \u00e7evreye duyarl\u0131, mevcut kaynaklar\u0131n ergonomik kullan\u0131m\u0131 konusunda hassas, s\u00fcrd\u00fcr\u00fclebilir \u00fcretim anlay\u0131\u015f\u0131n\u0131 ve mutlak m\u00fc\u015fteri memnuniyetini esas olarak kabul eden anlay\u0131\u015f\u0131n\u0131 gelecek nesillere miras olarak b\u0131rakabilmektir. <br> <br><strong>Enes Makina ve Metal Sanayi Tic. Ltd. \u015eti. olarak, g\u00fcvenilir, kaliteli ve yenilik\u00e7i \u00fcretim anlay\u0131\u015f\u0131m\u0131zla sekt\u00f6re y\u00f6n vermeye devam ediyoruz.<\/strong> <br>  <br><div class=\"post-views content-post post-52 entry-meta load-static\">\r\n\t\t\t\t<span class=\"post-views-icon dashicons dashicons-admin-page\"><\/span> <span class=\"post-views-label\">Sayfa G\u00f6r\u00fcnt\u00fcleme<\/span> <span class=\"post-views-count\">4.917<\/span>\r\n\t\t\t<\/div> <\/p>\n\n\n\n<p><\/p>\n","protected":false},"excerpt":{"rendered":"<p>G\u00fc\u00e7l\u00fc \u00fcretim altyap\u0131s\u0131, yenilik\u00e7i teknoloji, alan\u0131nda uzman personel ve \u00fcst\u00fcn kalite! 2007 y\u0131l\u0131nda kurulan Enes Makina ve Metal Sanayi, metal \u00fcr\u00fcnlerin tala\u015fl\u0131 imalat y\u00f6ntemi ile \u00fcretilmesi konusunda faaliyet g\u00f6steren yetenekli firmalardan birisidir. Kurulu\u015f tarihimizden bug\u00fcne kadar mutlak m\u00fc\u015fteri memnuniyetini \u00f6n planda tutan bir anlay\u0131\u015fla m\u00fc\u015fterilerimize hizmet vermekteyiz. S\u00fcrekli geli\u015fen CNC makina parkurumuz, modern \u00fcretim tekniklerimiz ve uzman ekibimiz ile y\u00fcksek hassasiyet gerektiren projelere \u00f6zel \u00e7\u00f6z\u00fcmler sunma gayretindeyiz. Misyonumuz, m\u00fc\u015fteri beklentilerini kar\u015f\u0131layan kaliteli \u00fcretim ve m\u00fchendislik \u00e7\u00f6z\u00fcmleri sunarak sekt\u00f6rde ismini kal\u0131c\u0131 k\u0131lmakt\u0131r. Vizyonumuz ise teknolojik geli\u015fmeleri yak\u0131ndan takip eden, \u00e7evreye duyarl\u0131, mevcut kaynaklar\u0131n ergonomik kullan\u0131m\u0131 konusunda hassas, s\u00fcrd\u00fcr\u00fclebilir \u00fcretim anlay\u0131\u015f\u0131n\u0131 ve mutlak m\u00fc\u015fteri memnuniyetini esas olarak kabul eden anlay\u0131\u015f\u0131n\u0131 gelecek nesillere miras olarak b\u0131rakabilmektir. Enes Makina ve Metal Sanayi Tic. Ltd. \u015eti. olarak, g\u00fcvenilir, kaliteli ve yenilik\u00e7i \u00fcretim anlay\u0131\u015f\u0131m\u0131zla sekt\u00f6re y\u00f6n vermeye devam ediyoruz.<\/p>\n","protected":false},"author":1,"featured_media":0,"parent":0,"menu_order":0,"comment_status":"closed","ping_status":"closed","template":"","meta":{"_gspb_post_css":".gs-countdownwrap{display:flex;align-items:center;justify-content:center}.gs-countdownwrap .gs-countdown{display:flex;text-align:center}.gs-countdownwrap .gs-countdown__item{margin:0 .5rem;padding:5px 15px;display:flex;justify-content:center;font-family:Helvetica,sans-serif;align-items:center}.gs-countdownwrap .gs-countdown__colon{display:flex;flex-direction:column;justify-content:space-evenly}.gs-countdownwrap .gs-countdown__colon-item{border-radius:50%}.gspb_countdown-id-gsbp-8f61e23.gs-countdownwrap .gs-countdown__item{font-size:50px;line-height:50px;color:#f5f7fa}@media (max-width:575.98px){.gspb_countdown-id-gsbp-8f61e23.gs-countdownwrap .gs-countdown__item{font-size:30px;line-height:30px}}.gspb_countdown-id-gsbp-8f61e23.gs-countdownwrap .gs-countdown__item_label{font-size:16px;color:var(--wp--preset--color--white, #ffffff)}@media (max-width:575.98px){.gspb_countdown-id-gsbp-8f61e23.gs-countdownwrap .gs-countdown__item_label{font-size:14px}}.gspb_countdown-id-gsbp-8f61e23.gs-countdownwrap .gs-countdown__item{border-radius:9px}.gspb_countdown-id-gsbp-8f61e23.gs-countdownwrap .gs-countdown__colon{padding-bottom:12.5px}@media (max-width:575.98px){.gspb_countdown-id-gsbp-8f61e23.gs-countdownwrap .gs-countdown__colon{padding-bottom:7.5px}}.gspb_countdown-id-gsbp-8f61e23.gs-countdownwrap .gs-countdown__colon-item{width:10px;height:10px;background-color:#f5f7fa}@media (max-width:575.98px){.gspb_countdown-id-gsbp-8f61e23.gs-countdownwrap .gs-countdown__colon-item{width:6px;height:6px}}.gspb_countdown-id-gsbp-8f61e23.gs-countdownwrap .gs-countdown__item{background-color:#c3cfe2}","_monsterinsights_skip_tracking":false,"_monsterinsights_sitenote_active":false,"_monsterinsights_sitenote_note":"","_monsterinsights_sitenote_category":0,"footnotes":""},"class_list":["post-52","page","type-page","status-publish","hentry"],"aioseo_notices":[],"_links":{"self":[{"href":"https:\/\/www.enescnc.com\/index.php\/wp-json\/wp\/v2\/pages\/52","targetHints":{"allow":["GET"]}}],"collection":[{"href":"https:\/\/www.enescnc.com\/index.php\/wp-json\/wp\/v2\/pages"}],"about":[{"href":"https:\/\/www.enescnc.com\/index.php\/wp-json\/wp\/v2\/types\/page"}],"author":[{"embeddable":true,"href":"https:\/\/www.enescnc.com\/index.php\/wp-json\/wp\/v2\/users\/1"}],"replies":[{"embeddable":true,"href":"https:\/\/www.enescnc.com\/index.php\/wp-json\/wp\/v2\/comments?post=52"}],"version-history":[{"count":25,"href":"https:\/\/www.enescnc.com\/index.php\/wp-json\/wp\/v2\/pages\/52\/revisions"}],"predecessor-version":[{"id":882,"href":"https:\/\/www.enescnc.com\/index.php\/wp-json\/wp\/v2\/pages\/52\/revisions\/882"}],"wp:attachment":[{"href":"https:\/\/www.enescnc.com\/index.php\/wp-json\/wp\/v2\/media?parent=52"}],"curies":[{"name":"wp","href":"https:\/\/api.w.org\/{rel}","templated":true}]}}